{"id":1481,"date":"2022-06-16T15:22:49","date_gmt":"2022-06-16T15:22:49","guid":{"rendered":"https:\/\/keepingart.net\/blog\/"},"modified":"2025-09-30T21:01:40","modified_gmt":"2025-09-30T21:01:40","slug":"blog","status":"publish","type":"page","link":"https:\/\/keepingart.net\/tr\/blog\/","title":{"rendered":"Blog"},"content":{"rendered":"\t\t<div data-elementor-type=\"wp-page\" data-elementor-id=\"1481\" class=\"elementor elementor-1481 elementor-152\" data-elementor-post-type=\"page\">\n\t\t\t\t\t\t<section class=\"elementor-section elementor-top-section elementor-element elementor-element-65882a8 elementor-section-boxed elementor-section-height-default elementor-section-height-default\" data-id=\"65882a8\" data-element_type=\"section\" data-e-type=\"section\" data-settings=\"{&quot;background_background&quot;:&quot;classic&quot;}\">\n\t\t\t\t\t\t\t<div class=\"elementor-background-overlay\"><\/div>\n\t\t\t\t\t\t\t<div class=\"elementor-container elementor-column-gap-default\">\n\t\t\t\t\t<div class=\"elementor-column elementor-col-100 elementor-top-column elementor-element elementor-element-4a120227\" data-id=\"4a120227\" data-element_type=\"column\" data-e-type=\"column\">\n\t\t\t<div class=\"elementor-widget-wrap elementor-element-populated\">\n\t\t\t\t\t\t<div class=\"elementor-element elementor-element-131b90a1 animated-slow elementor-invisible elementor-widget elementor-widget-elementskit-heading\" data-id=\"131b90a1\" data-element_type=\"widget\" data-e-type=\"widget\" data-settings=\"{&quot;_animation&quot;:&quot;fadeInUp&quot;}\" data-widget_type=\"elementskit-heading.default\">\n\t\t\t\t<div class=\"elementor-widget-container\">\n\t\t\t\t\t<div class=\"ekit-wid-con\" ><div class=\"ekit-heading elementskit-section-title-wraper text_center   ekit_heading_tablet-   ekit_heading_mobile-\"><h1 class=\"ekit-heading--title elementskit-section-title \">Son <span><span>Haberler<\/span><\/span><\/h1><\/div><\/div>\t\t\t\t<\/div>\n\t\t\t\t<\/div>\n\t\t\t\t<div class=\"elementor-element elementor-element-1db23abc animated-slow elementor-invisible elementor-widget elementor-widget-text-editor\" data-id=\"1db23abc\" data-element_type=\"widget\" data-e-type=\"widget\" data-settings=\"{&quot;_animation&quot;:&quot;fadeInUp&quot;}\" data-widget_type=\"text-editor.default\">\n\t\t\t\t<div class=\"elementor-widget-container\">\n\t\t\t\t\t\t\t\t\t<p><a href=\"https:\/\/keepingart.net\/tr\/\">Anasayfa<\/a> \/ Son Haberler<\/p>\t\t\t\t\t\t\t\t<\/div>\n\t\t\t\t<\/div>\n\t\t\t\t\t<\/div>\n\t\t<\/div>\n\t\t\t\t\t<\/div>\n\t\t<\/section>\n\t\t\t\t<section class=\"elementor-section elementor-top-section elementor-element elementor-element-37374de elementor-section-boxed elementor-section-height-default elementor-section-height-default\" data-id=\"37374de\" data-element_type=\"section\" data-e-type=\"section\">\n\t\t\t\t\t\t<div class=\"elementor-container elementor-column-gap-default\">\n\t\t\t\t\t<div class=\"elementor-column elementor-col-100 elementor-top-column elementor-element elementor-element-5cada55\" data-id=\"5cada55\" data-element_type=\"column\" data-e-type=\"column\">\n\t\t\t<div class=\"elementor-widget-wrap elementor-element-populated\">\n\t\t\t\t\t\t<div class=\"elementor-element elementor-element-e1510a4 elementor-widget elementor-widget-elementskit-blog-posts\" data-id=\"e1510a4\" data-element_type=\"widget\" data-e-type=\"widget\" data-widget_type=\"elementskit-blog-posts.default\">\n\t\t\t\t<div class=\"elementor-widget-container\">\n\t\t\t\t\t<div class=\"ekit-wid-con\" >        <div id=\"post-items--e1510a4\" class=\"row post-items\">\n                    <div class=\"col-lg-4 col-md-6\">\n\n                                    <div class=\"elementskit-post-image-card\">\n                        <div class=\"elementskit-entry-header\">\n                                                            <a href=\"https:\/\/keepingart.net\/tr\/in-a-world-led-by-artificial-intelligence-how-does-it-support-e-marketing\/\" class=\"elementskit-entry-thumb\">\n                                    <img decoding=\"async\" src=\"https:\/\/keepingart.net\/wp-content\/uploads\/2022\/06\/Bg-1-1024x683.jpg\" alt=\"Yapay zekan\u0131n liderli\u011findeki bir d\u00fcnyada, e-pazarlama nas\u0131l desteklenir?\">\n                                <\/a><!-- .elementskit-entry-thumb END -->\n                                                            \n                            \n\t\t\t\t\t\t\t\t\t\t\t\t\t<\/div><!-- .elementskit-entry-header END -->\n\n\t\t\t\t\t\t<div class=\"elementskit-post-body \">\n\t\t\t\t\t\t\t\n\t\t\t\t\t\t\t\t\t\t\t\t\t\t\t\t\t\t\t\t\t\t\t\t\t\t\t\t\t\t\n\t\t\t\t\t\t\t\t\n\t\t\t\t\t\t\t\t\t\t\t\t\t\t\t\t\t\t\t\t\t<h2 class=\"entry-title\">\n\t\t\t\t\t<a href=\"https:\/\/keepingart.net\/tr\/in-a-world-led-by-artificial-intelligence-how-does-it-support-e-marketing\/\">\n\t\t\t\t\t\tYapay zekan\u0131n liderli\u011findeki bir d\u00fcnyada, e-pazarlama nas\u0131l desteklenir?\t\t\t\t\t<\/a>\n\t\t\t\t<\/h2>\n\t\t\t\t\t\t\t\t\t\t\t\t\t\t\t\t\t\t\t\t\t\t\t\t\t\t\t\t\t\t\t\t\t\t\t\t\t\t\t\t\t\t<p>E-pazarlama operasyonlar\u0131nda yapay zek\u00e2n\u0131n kullan\u0131lmas\u0131, pazara sunma s\u00fcresini (h\u0131z\u0131) iyile\u015ftirerek, daha fazla \u00f6ng\u00f6r\u00fc, verimlilik ve esneklik sa\u011flayarak i\u015f performans\u0131n\u0131 destekleyebilir. Bu da pazarlama operasyonlar\u0131n\u0131n geli\u015fmesine ve geni\u015flemesine yard\u0131mc\u0131 olur. Yapay zek\u00e2 taraf\u0131ndan desteklenen \u00e7e\u015fitli e-pazarlama yetenekleri \u015funlar\u0131 i\u00e7erir: Potansiyel m\u00fc\u015fterileri ke\u015ffetme, \u00f6zel m\u00fc\u015fterileri ve onlar\u0131n harcama kal\u0131plar\u0131n\u0131 kaydetme. Hedeflenmi\u015f reklamc\u0131l\u0131k, pazarlama \u00e7abalar\u0131n\u0131n potansiyel m\u00fc\u015fterilere ula\u015fmas\u0131n\u0131 [&hellip;]<\/p>\n\t\t\t\t\t\t\t\t\t\t\t\t\t\t\t\t\t\t\t\t\t\t                                                            <div class=\"btn-wraper\">\n                                    \n                                                                            <a class=\"elementskit-btn whitespace--normal\" id=\"\" href=\"https:\/\/keepingart.net\/tr\/in-a-world-led-by-artificial-intelligence-how-does-it-support-e-marketing\/\">\n                                        \t                                            Daha Fazla Oku                                        <\/a>\n                                                                    <\/div>\n                                                    <\/div><!-- .elementskit-post-body END -->\n                    <\/div>\n                \n            <\/div>\n                    <div class=\"col-lg-4 col-md-6\">\n\n                                    <div class=\"elementskit-post-image-card\">\n                        <div class=\"elementskit-entry-header\">\n                                                            <a href=\"https:\/\/keepingart.net\/tr\/video-digital-marketing-turns-the-equation-and-creates-the-event\/\" class=\"elementskit-entry-thumb\">\n                                    <img decoding=\"async\" src=\"https:\/\/keepingart.net\/wp-content\/uploads\/2022\/06\/apelah-1024x576.jpg\" alt=\"Video dijital pazarlama denklemi tersine \u00e7evirir ve olay\u0131 yarat\u0131r.\">\n                                <\/a><!-- .elementskit-entry-thumb END -->\n                                                            \n                            \n\t\t\t\t\t\t\t\t\t\t\t\t\t<\/div><!-- .elementskit-entry-header END -->\n\n\t\t\t\t\t\t<div class=\"elementskit-post-body \">\n\t\t\t\t\t\t\t\n\t\t\t\t\t\t\t\t\t\t\t\t\t\t\t\t\t\t\t\t\t\t\t\t\t\t\t\t\t\t\n\t\t\t\t\t\t\t\t\n\t\t\t\t\t\t\t\t\t\t\t\t\t\t\t\t\t\t\t\t\t<h2 class=\"entry-title\">\n\t\t\t\t\t<a href=\"https:\/\/keepingart.net\/tr\/video-digital-marketing-turns-the-equation-and-creates-the-event\/\">\n\t\t\t\t\t\tVideo dijital pazarlama denklemi tersine \u00e7evirir ve olay\u0131 yarat\u0131r.\t\t\t\t\t<\/a>\n\t\t\t\t<\/h2>\n\t\t\t\t\t\t\t\t\t\t\t\t\t\t\t\t\t\t\t\t\t\t\t\t\t\t\t\t\t\t\t\t\t\t\t\t\t\t\t\t\t\t<p>Hubspot&#8217;a g\u00f6re, video pazarlama art\u0131k eskiden oldu\u011fu gibi iste\u011fe ba\u011fl\u0131 bir pazarlama y\u00f6ntemi de\u011fil, \u00fcr\u00fcn sahiplerinin \u015fiddetli rekabete etkili ve verimli bir \u015fekilde dayanabilmek i\u00e7in pazarlama planlar\u0131na dahil etmeleri gereken ka\u00e7\u0131n\u0131lmaz bir y\u00f6ntemdir. &nbsp; Pazarlamada Video End\u00fcstrisinin \u00d6nemi &nbsp; Sosyal medyada yay\u0131nlanan bir video, yaz\u0131l\u0131 ve g\u00f6rsel i\u00e7eri\u011fin toplam\u0131ndan %1.200 daha fazla etkile\u015fim al\u0131r. Bu [&hellip;]<\/p>\n\t\t\t\t\t\t\t\t\t\t\t\t\t\t\t\t\t\t\t\t\t\t                                                            <div class=\"btn-wraper\">\n                                    \n                                                                            <a class=\"elementskit-btn whitespace--normal\" id=\"\" href=\"https:\/\/keepingart.net\/tr\/video-digital-marketing-turns-the-equation-and-creates-the-event\/\">\n                                        \t                                            Daha Fazla Oku                                        <\/a>\n                                                                    <\/div>\n                                                    <\/div><!-- .elementskit-post-body END -->\n                    <\/div>\n                \n            <\/div>\n                    <div class=\"col-lg-4 col-md-6\">\n\n                                    <div class=\"elementskit-post-image-card\">\n                        <div class=\"elementskit-entry-header\">\n                                                            <a href=\"https:\/\/keepingart.net\/tr\/what-is-a-personal-brand\/\" class=\"elementskit-entry-thumb\">\n                                    <img decoding=\"async\" src=\"https:\/\/keepingart.net\/wp-content\/uploads\/2022\/06\/G17.jpg\" alt=\"Ki\u015fisel marka nedir?\">\n                                <\/a><!-- .elementskit-entry-thumb END -->\n                                                            \n                            \n\t\t\t\t\t\t\t\t\t\t\t\t\t<\/div><!-- .elementskit-entry-header END -->\n\n\t\t\t\t\t\t<div class=\"elementskit-post-body \">\n\t\t\t\t\t\t\t\n\t\t\t\t\t\t\t\t\t\t\t\t\t\t\t\t\t\t\t\t\t\t\t\t\t\t\t\t\t\t\n\t\t\t\t\t\t\t\t\n\t\t\t\t\t\t\t\t\t\t\t\t\t\t\t\t\t\t\t\t\t<h2 class=\"entry-title\">\n\t\t\t\t\t<a href=\"https:\/\/keepingart.net\/tr\/what-is-a-personal-brand\/\">\n\t\t\t\t\t\tKi\u015fisel marka nedir?\t\t\t\t\t<\/a>\n\t\t\t\t<\/h2>\n\t\t\t\t\t\t\t\t\t\t\t\t\t\t\t\t\t\t\t\t\t\t\t\t\t\t\t\t\t\t\t\t\t\t\t\t\t\t\t\t\t\t<p>Kariyerinize nas\u0131l hizmet eder? Ki\u015fisel bir marka, kendinizin ve profesyonel de\u011ferlerinizin bir temsilidir. Ve kim oldu\u011funuzu ve neler sunabilece\u011finizi g\u00f6stermenin bir yoludur. Ayn\u0131 zamanda kalabal\u0131\u011f\u0131n aras\u0131ndan s\u0131yr\u0131lman\u0131n ve potansiyel m\u00fc\u015fterilerle ve i\u015fverenlerle ba\u011flant\u0131 kurman\u0131n da bir yoludur. Ki\u015fisel markala\u015fma, tamamen \u00f6zg\u00fcn ve ak\u0131lda kal\u0131c\u0131 bir kimlik yaratmakla ilgilidir. \u0130yi bir itibar olu\u015fturmay\u0131, ili\u015fkiler geli\u015ftirmeyi ve [&hellip;]<\/p>\n\t\t\t\t\t\t\t\t\t\t\t\t\t\t\t\t\t\t\t\t\t\t                                                            <div class=\"btn-wraper\">\n                                    \n                                                                            <a class=\"elementskit-btn whitespace--normal\" id=\"\" href=\"https:\/\/keepingart.net\/tr\/what-is-a-personal-brand\/\">\n                                        \t                                            Daha Fazla Oku                                        <\/a>\n                                                                    <\/div>\n                                                    <\/div><!-- .elementskit-post-body END -->\n                    <\/div>\n                \n            <\/div>\n                <\/div>\n       <\/div>\t\t\t\t<\/div>\n\t\t\t\t<\/div>\n\t\t\t\t\t<\/div>\n\t\t<\/div>\n\t\t\t\t\t<\/div>\n\t\t<\/section>\n\t\t\t\t<\/div>\n\t\t","protected":false},"excerpt":{"rendered":"<p>Son Haberler Anasayfa \/ Son Haberler In a world led by artificial intelligence.. How does it support e-marketing? The use of artificial intelligence in e-marketing operations can support business performance by providing better time to market (speed), achieving greater insights, efficiency and flexibility, which helps to improve and expand marketing operations. The various e-marketing capabilities [&hellip;]<\/p>\n","protected":false},"author":1,"featured_media":0,"parent":0,"menu_order":0,"comment_status":"closed","ping_status":"closed","template":"","meta":{"site-sidebar-layout":"no-sidebar","site-content-layout":"page-builder","ast-site-content-layout":"default","site-content-style":"default","site-sidebar-style":"default","ast-global-header-display":"","ast-banner-title-visibility":"","ast-main-header-display":"","ast-hfb-above-header-display":"","ast-hfb-below-header-display":"","ast-hfb-mobile-header-display":"","site-post-title":"","ast-breadcrumbs-content":"","ast-featured-img":"disabled","footer-sml-layout":"disabled","ast-disable-related-posts":"","theme-transparent-header-meta":"default","adv-header-id-meta":"","stick-header-meta":"","header-above-stick-meta":"","header-main-stick-meta":"","header-below-stick-meta":"","astra-migrate-meta-layouts":"default","ast-page-background-enabled":"default","ast-page-background-meta":{"desktop":{"background-color":"var(--ast-global-color-4)","background-image":"","background-repeat":"repeat","background-position":"center center","background-size":"auto","background-attachment":"scroll","background-type":"","background-media":"","overlay-type":"","overlay-color":"","overlay-opacity":"","overlay-gradient":""},"tablet":{"background-color":"","background-image":"","background-repeat":"repeat","background-position":"center center","background-size":"auto","background-attachment":"scroll","background-type":"","background-media":"","overlay-type":"","overlay-color":"","overlay-opacity":"","overlay-gradient":""},"mobile":{"background-color":"","background-image":"","background-repeat":"repeat","background-position":"center center","background-size":"auto","background-attachment":"scroll","background-type":"","background-media":"","overlay-type":"","overlay-color":"","overlay-opacity":"","overlay-gradient":""}},"ast-content-background-meta":{"desktop":{"background-color":"var(--ast-global-color-5)","background-image":"","background-repeat":"repeat","background-position":"center center","background-size":"auto","background-attachment":"scroll","background-type":"","background-media":"","overlay-type":"","overlay-color":"","overlay-opacity":"","overlay-gradient":""},"tablet":{"background-color":"var(--ast-global-color-5)","background-image":"","background-repeat":"repeat","background-position":"center center","background-size":"auto","background-attachment":"scroll","background-type":"","background-media":"","overlay-type":"","overlay-color":"","overlay-opacity":"","overlay-gradient":""},"mobile":{"background-color":"var(--ast-global-color-5)","background-image":"","background-repeat":"repeat","background-position":"center center","background-size":"auto","background-attachment":"scroll","background-type":"","background-media":"","overlay-type":"","overlay-color":"","overlay-opacity":"","overlay-gradient":""}},"footnotes":""},"class_list":["post-1481","page","type-page","status-publish","hentry"],"_links":{"self":[{"href":"https:\/\/keepingart.net\/tr\/wp-json\/wp\/v2\/pages\/1481","targetHints":{"allow":["GET"]}}],"collection":[{"href":"https:\/\/keepingart.net\/tr\/wp-json\/wp\/v2\/pages"}],"about":[{"href":"https:\/\/keepingart.net\/tr\/wp-json\/wp\/v2\/types\/page"}],"author":[{"embeddable":true,"href":"https:\/\/keepingart.net\/tr\/wp-json\/wp\/v2\/users\/1"}],"replies":[{"embeddable":true,"href":"https:\/\/keepingart.net\/tr\/wp-json\/wp\/v2\/comments?post=1481"}],"version-history":[{"count":9,"href":"https:\/\/keepingart.net\/tr\/wp-json\/wp\/v2\/pages\/1481\/revisions"}],"predecessor-version":[{"id":1988,"href":"https:\/\/keepingart.net\/tr\/wp-json\/wp\/v2\/pages\/1481\/revisions\/1988"}],"wp:attachment":[{"href":"https:\/\/keepingart.net\/tr\/wp-json\/wp\/v2\/media?parent=1481"}],"curies":[{"name":"wp","href":"https:\/\/api.w.org\/{rel}","templated":true}]}}